{"id":376,"date":"2020-12-07T18:15:54","date_gmt":"2020-12-07T17:15:54","guid":{"rendered":"http:\/\/francoisedoz-psychotherapie.fr\/?page_id=376"},"modified":"2025-10-18T08:24:35","modified_gmt":"2025-10-18T06:24:35","slug":"liens-2","status":"publish","type":"page","link":"https:\/\/francoisedoz-psychotherapie.fr\/?page_id=376","title":{"rendered":"liens"},"content":{"rendered":"<div data-colibri-id=\"376-c1\" class=\"style-394 style-local-376-c1 position-relative\">\n  <!---->\n  <div data-colibri-component=\"section\" data-colibri-id=\"376-c2\" id=\"initial-content\" class=\"h-section h-section-global-spacing d-flex align-items-lg-center align-items-md-center align-items-center style-395 style-local-376-c2 position-relative\">\n    <!---->\n    <!---->\n    <div class=\"h-section-grid-container h-section-boxed-container\">\n      <!---->\n      <div data-colibri-id=\"376-c3\" class=\"h-row-container gutters-row-lg-1 gutters-row-md-1 gutters-row-0 gutters-row-v-lg-1 gutters-row-v-md-1 gutters-row-v-1 style-396 style-local-376-c3 position-relative\">\n        <!---->\n        <div class=\"h-row justify-content-lg-center justify-content-md-center justify-content-center align-items-lg-stretch align-items-md-stretch align-items-stretch gutters-col-lg-1 gutters-col-md-1 gutters-col-0 gutters-col-v-lg-1 gutters-col-v-md-1 gutters-col-v-1\">\n          <!---->\n          <div class=\"h-column h-column-container d-flex h-col-lg-auto h-col-md-auto h-col-auto style-397-outer style-local-376-c4-outer\">\n            <div data-colibri-id=\"376-c4\" class=\"d-flex h-flex-basis h-column__inner h-px-lg-0 h-px-md-0 h-px-0 v-inner-lg-0 v-inner-md-0 v-inner-0 style-397 style-local-376-c4 position-relative\">\n              <!---->\n              <!---->\n              <div class=\"w-100 h-y-container h-column__content h-column__v-align flex-basis-100 align-self-lg-center align-self-md-center align-self-center\">\n                <!---->\n                <div data-colibri-id=\"376-c5\" class=\"h-text h-text-component style-433 style-local-376-c5 position-relative h-element\">\n                  <!---->\n                  <!---->\n                  <div class=\"\">\n                    <p>Sites institutionnels&nbsp;:<\/p>\n                    <p>\u2022 Institut Grefor :&nbsp;&nbsp;gestalt-grefor.com<\/p>\n                    <p>\u2022 Coll\u00e8ge europ\u00e9en de Gestalt Th\u00e9rapie&nbsp;: CEG-T&nbsp;:&nbsp;&nbsp;www.cegt.org<\/p>\n                    <p>\u2022 Soci\u00e9t\u00e9 Fran\u00e7aise de Gestalt Th\u00e9rapie&nbsp;:&nbsp;&nbsp;www.sfg-gestalt.com<\/p>\n                    <p>\u2022 F\u00e9d\u00e9ration des professionnels de la Gestalt th\u00e9rapie https:\/\/www.fpgt.fr\/page\/877063-presentation<\/p>\n                    <p>\n                      <br>\n                    <\/p>\n                    <p>Sites amis&nbsp;:<\/p>\n                    <p>\u2022 https:\/\/www.resilience-k.fr\/<\/p>\n                    <p>R\u00e9silience K accompagne les victimes et les professionnels face aux abus et \u00e0 leurs cons\u00e9quences traumatiques<\/p>\n                    <p>\n                      <br>\n                    <\/p>\n                    <p>Trouver des ouvrages&nbsp;:<\/p>\n                    <p>\u2022 Editions ouvrages de Gestalt th\u00e9rapie&nbsp;:&nbsp;www.exprimerie.fr<\/p>\n                    <p>\n                      <br>\n                    <\/p>\n                  <\/div>\n                <\/div>\n              <\/div>\n            <\/div>\n          <\/div>\n        <\/div>\n      <\/div>\n    <\/div>\n  <\/div>\n<\/div>","protected":false},"excerpt":{"rendered":"<p>Sites institutionnels&nbsp;: \u2022 Institut Grefor :&nbsp;&nbsp;gestalt-grefor.com \u2022 Coll\u00e8ge europ\u00e9en de Gestalt Th\u00e9rapie&nbsp;: CEG-T&nbsp;:&nbsp;&nbsp;www.cegt.org \u2022 Soci\u00e9t\u00e9 Fran\u00e7aise de Gestalt Th\u00e9rapie&nbsp;:&nbsp;&nbsp;www.sfg-gestalt.com \u2022 F\u00e9d\u00e9ration des professionnels de la Gestalt th\u00e9rapie https:\/\/www.fpgt.fr\/page\/877063-presentation Sites amis&nbsp;: \u2022 https:\/\/www.resilience-k.fr\/ R\u00e9silience K accompagne les victimes et les professionnels face aux abus et \u00e0 leurs cons\u00e9quences traumatiques Trouver des ouvrages&nbsp;: \u2022 Editions ouvrages de [&hellip;]<\/p>\n","protected":false},"author":1,"featured_media":0,"parent":0,"menu_order":0,"comment_status":"closed","ping_status":"closed","template":"page-templates\/full-width-page.php","meta":{"footnotes":""},"class_list":["post-376","page","type-page","status-publish","hentry"],"_links":{"self":[{"href":"https:\/\/francoisedoz-psychotherapie.fr\/index.php?rest_route=\/wp\/v2\/pages\/376","targetHints":{"allow":["GET"]}}],"collection":[{"href":"https:\/\/francoisedoz-psychotherapie.fr\/index.php?rest_route=\/wp\/v2\/pages"}],"about":[{"href":"https:\/\/francoisedoz-psychotherapie.fr\/index.php?rest_route=\/wp\/v2\/types\/page"}],"author":[{"embeddable":true,"href":"https:\/\/francoisedoz-psychotherapie.fr\/index.php?rest_route=\/wp\/v2\/users\/1"}],"replies":[{"embeddable":true,"href":"https:\/\/francoisedoz-psychotherapie.fr\/index.php?rest_route=%2Fwp%2Fv2%2Fcomments&post=376"}],"version-history":[{"count":7,"href":"https:\/\/francoisedoz-psychotherapie.fr\/index.php?rest_route=\/wp\/v2\/pages\/376\/revisions"}],"predecessor-version":[{"id":1412,"href":"https:\/\/francoisedoz-psychotherapie.fr\/index.php?rest_route=\/wp\/v2\/pages\/376\/revisions\/1412"}],"wp:attachment":[{"href":"https:\/\/francoisedoz-psychotherapie.fr\/index.php?rest_route=%2Fwp%2Fv2%2Fmedia&parent=376"}],"curies":[{"name":"wp","href":"https:\/\/api.w.org\/{rel}","templated":true}]}}