{"id":2,"date":"2020-12-03T19:18:39","date_gmt":"2020-12-03T18:18:39","guid":{"rendered":"http:\/\/francoisedoz-psychotherapie.fr\/?page_id=2"},"modified":"2025-10-19T17:07:17","modified_gmt":"2025-10-19T15:07:17","slug":"page-d-exemple","status":"publish","type":"page","link":"https:\/\/francoisedoz-psychotherapie.fr\/?page_id=2","title":{"rendered":"qui suis-je ?"},"content":{"rendered":"<div data-colibri-id=\"2-c1\" class=\"style-233 style-local-2-c1 position-relative\">\n  <!---->\n  <div data-colibri-component=\"section\" data-colibri-id=\"2-c2\" id=\"about\" class=\"h-section h-section-global-spacing d-flex align-items-lg-start align-items-md-start align-items-start style-239 style-local-2-c2 position-relative\">\n    <!---->\n    <!---->\n    <div class=\"h-section-grid-container h-section-boxed-container\">\n      <!---->\n      <div data-colibri-id=\"2-c3\" class=\"h-row-container gutters-row-lg-2 gutters-row-md-2 gutters-row-0 gutters-row-v-lg-2 gutters-row-v-md-2 gutters-row-v-2 style-240 style-local-2-c3 position-relative\">\n        <!---->\n        <div class=\"h-row justify-content-lg-center justify-content-md-center justify-content-center align-items-lg-stretch align-items-md-stretch align-items-stretch gutters-col-lg-2 gutters-col-md-2 gutters-col-0 gutters-col-v-lg-2 gutters-col-v-md-2 gutters-col-v-2\">\n          <!---->\n          <div class=\"h-column h-column-container d-flex h-col-lg-auto h-col-md-auto h-col-auto style-299-outer style-local-2-c4-outer\">\n            <div data-colibri-id=\"2-c4\" class=\"d-flex h-flex-basis h-column__inner h-ui-empty-state-container h-px-lg-2 h-px-md-2 h-px-2 v-inner-lg-2 v-inner-md-2 v-inner-2 style-299 style-local-2-c4 position-relative\">\n              <!---->\n              <!---->\n              <div class=\"w-100 h-y-container h-column__content h-column__v-align flex-basis-100\">\n                <!---->\n              <\/div>\n            <\/div>\n          <\/div>\n          <div class=\"h-column h-column-container d-flex h-col-lg-auto h-col-md-auto h-col-auto style-242-outer style-local-2-c5-outer\">\n            <div data-colibri-id=\"2-c5\" class=\"d-flex h-flex-basis h-column__inner h-px-lg-2 h-px-md-2 h-px-2 v-inner-lg-2 v-inner-md-2 v-inner-2 style-242 style-local-2-c5 position-relative\">\n              <!---->\n              <!---->\n              <div class=\"w-100 h-y-container h-column__content h-column__v-align flex-basis-100 align-self-lg-center align-self-md-center align-self-center\">\n                <!---->\n                <div data-colibri-id=\"2-c6\" class=\"h-global-transition-all h-heading style-243 style-local-2-c6 position-relative h-element\">\n                  <!---->\n                  <div class=\"h-heading__outer style-243 style-local-2-c6\">\n                    <!---->\n                    <!---->\n                    <h5 class=\"\">Qui suis-je ?<\/h5>\n                  <\/div>\n                <\/div>\n                <div data-colibri-id=\"2-c7\" class=\"h-text h-text-component style-245 style-local-2-c7 position-relative h-element\">\n                  <!---->\n                  <!---->\n                  <div class=\"\">\n                    <p>\n                      <br>\n                    <\/p>\n                    <p><span style=\"font-family: &quot;Comic Sans MS&quot;;\">Depuis tr\u00e8s jeune les relations humaines ont \u00e9t\u00e9 au c\u0153ur de mes pr\u00e9occupations et m\u2019ont amen\u00e9 \u00e0 chercher, exp\u00e9rimenter, explorer pour aller vers un mieux-\u00eatre ensemble. Je suis curieuse de l\u2019autre, de la complexit\u00e9 du fonctionnement humain, des relations, du fonctionnement en groupe.<\/span><\/p>\n                    <p><span style=\"font-family: &quot;Comic Sans MS&quot;;\">Certains \u00e9v\u00e8nements et des travers\u00e9es difficiles, m\u2019ont amen\u00e9 \u00e0 essayer diff\u00e9rentes th\u00e9rapies. C\u2019est cette forme, la \u00ab&nbsp;gestalt th\u00e9rapie&nbsp;\u00bb rencontr\u00e9e par hasard, que je suis depuis plusieurs ann\u00e9es en individuel, en groupe, en stages, c\u2019est elle qui me correspond le plus, qui me touche et dans laquelle je trouve le plus de sens, elle me nourrit.<\/span><\/p>\n                    <p><span style=\"font-family: &quot;Comic Sans MS&quot;;\">J\u2019aime son humanisme, sa vision globale de la personne, l\u2019accent mis sur le moment pr\u00e9sent, le corps, les \u00e9motions, la volont\u00e9 de ne pas avoir de projet pour le patient \u2026<\/span><\/p>\n                    <p><span style=\"font-family: &quot;Comic Sans MS&quot;;\">&nbsp;<\/span><\/p>\n                    <p><em style=\"font-family: &quot;Comic Sans MS&quot;;\">\u00ab&nbsp;Le changement apparait lorsque le sujet devient ce qu\u2019il est et non lorsqu\u2019il essaie de devenir ce qu\u2019il n\u2019est pas&nbsp;\u00bb Arnold Besseir. La th\u00e9orie paradoxale du changement.<\/em><\/p>\n                    <p>\n                      <br>\n                    <\/p>\n                  <\/div>\n                <\/div>\n              <\/div>\n            <\/div>\n          <\/div>\n        <\/div>\n      <\/div>\n    <\/div>\n  <\/div>\n<\/div>","protected":false},"excerpt":{"rendered":"<p>Qui suis-je ? Depuis tr\u00e8s jeune les relations humaines ont \u00e9t\u00e9 au c\u0153ur de mes pr\u00e9occupations et m\u2019ont amen\u00e9 \u00e0 chercher, exp\u00e9rimenter, explorer pour aller vers un mieux-\u00eatre ensemble. Je suis curieuse de l\u2019autre, de la complexit\u00e9 du fonctionnement humain, des relations, du fonctionnement en groupe. Certains \u00e9v\u00e8nements et des travers\u00e9es difficiles, m\u2019ont amen\u00e9 \u00e0 [&hellip;]<\/p>\n","protected":false},"author":1,"featured_media":0,"parent":0,"menu_order":0,"comment_status":"closed","ping_status":"closed","template":"page-templates\/full-width-page.php","meta":{"footnotes":""},"class_list":["post-2","page","type-page","status-publish","hentry"],"_links":{"self":[{"href":"https:\/\/francoisedoz-psychotherapie.fr\/index.php?rest_route=\/wp\/v2\/pages\/2","targetHints":{"allow":["GET"]}}],"collection":[{"href":"https:\/\/francoisedoz-psychotherapie.fr\/index.php?rest_route=\/wp\/v2\/pages"}],"about":[{"href":"https:\/\/francoisedoz-psychotherapie.fr\/index.php?rest_route=\/wp\/v2\/types\/page"}],"author":[{"embeddable":true,"href":"https:\/\/francoisedoz-psychotherapie.fr\/index.php?rest_route=\/wp\/v2\/users\/1"}],"replies":[{"embeddable":true,"href":"https:\/\/francoisedoz-psychotherapie.fr\/index.php?rest_route=%2Fwp%2Fv2%2Fcomments&post=2"}],"version-history":[{"count":17,"href":"https:\/\/francoisedoz-psychotherapie.fr\/index.php?rest_route=\/wp\/v2\/pages\/2\/revisions"}],"predecessor-version":[{"id":1526,"href":"https:\/\/francoisedoz-psychotherapie.fr\/index.php?rest_route=\/wp\/v2\/pages\/2\/revisions\/1526"}],"wp:attachment":[{"href":"https:\/\/francoisedoz-psychotherapie.fr\/index.php?rest_route=%2Fwp%2Fv2%2Fmedia&parent=2"}],"curies":[{"name":"wp","href":"https:\/\/api.w.org\/{rel}","templated":true}]}}